{"id":2082,"date":"2022-08-17T14:25:20","date_gmt":"2022-08-17T07:25:20","guid":{"rendered":"https:\/\/apixa.net\/?page_id=2082"},"modified":"2022-10-19T09:08:29","modified_gmt":"2022-10-19T02:08:29","slug":"quan-he-co-dong","status":"publish","type":"page","link":"https:\/\/apixagroup.com\/vi\/quan-he-co-dong\/","title":{"rendered":"Quan h\u1ec7 c\u1ed5 \u0111\u00f4ng"},"content":{"rendered":"","protected":false},"excerpt":{"rendered":"","protected":false},"author":2,"featured_media":0,"parent":0,"menu_order":0,"comment_status":"closed","ping_status":"closed","template":"100-width.php","meta":{"footnotes":""},"class_list":["post-2082","page","type-page","status-publish","hentry"],"yoast_head":"<!-- This site is optimized with the Yoast SEO plugin v27.2 - https:\/\/yoast.com\/product\/yoast-seo-wordpress\/ -->\n<title>Shareholder relations | Apixa Group<\/title>\n<meta name=\"robots\" content=\"index, follow, max-snippet:-1, max-image-preview:large, max-video-preview:-1\" \/>\n<link rel=\"canonical\" href=\"https:\/\/apixagroup.com\/vi\/quan-he-co-dong\/\" \/>\n<meta property=\"og:locale\" content=\"vi_VN\" \/>\n<meta property=\"og:type\" content=\"article\" \/>\n<meta property=\"og:title\" content=\"Shareholder relations | Apixa Group\" \/>\n<meta property=\"og:url\" content=\"https:\/\/apixagroup.com\/vi\/quan-he-co-dong\/\" \/>\n<meta property=\"og:site_name\" content=\"Apixa Group\" \/>\n<meta property=\"article:publisher\" content=\"https:\/\/www.facebook.com\/apixagroup.com\" \/>\n<meta property=\"article:modified_time\" content=\"2022-10-19T02:08:29+00:00\" \/>\n<meta property=\"og:image\" content=\"https:\/\/apixagroup.com\/wp-content\/uploads\/2025\/09\/apixa-group-building-1200x800-1.png\" \/>\n\t<meta property=\"og:image:width\" content=\"1200\" \/>\n\t<meta property=\"og:image:height\" content=\"800\" \/>\n\t<meta property=\"og:image:type\" content=\"image\/png\" \/>\n<meta name=\"twitter:card\" content=\"summary_large_image\" \/>\n<meta name=\"twitter:site\" content=\"@apixaglobal\" \/>\n<script type=\"application\/ld+json\" class=\"yoast-schema-graph\">{\"@context\":\"https:\/\/schema.org\",\"@graph\":[{\"@type\":\"WebPage\",\"@id\":\"https:\/\/apixagroup.com\/shareholder-relations\/\",\"url\":\"https:\/\/apixagroup.com\/shareholder-relations\/\",\"name\":\"Shareholder relations | Apixa Group\",\"isPartOf\":{\"@id\":\"https:\/\/apixagroup.com\/#website\"},\"datePublished\":\"2022-08-17T07:25:20+00:00\",\"dateModified\":\"2022-10-19T02:08:29+00:00\",\"breadcrumb\":{\"@id\":\"https:\/\/apixagroup.com\/shareholder-relations\/#breadcrumb\"},\"inLanguage\":\"vi\",\"potentialAction\":[{\"@type\":\"ReadAction\",\"target\":[\"https:\/\/apixagroup.com\/shareholder-relations\/\"]}]},{\"@type\":\"BreadcrumbList\",\"@id\":\"https:\/\/apixagroup.com\/shareholder-relations\/#breadcrumb\",\"itemListElement\":[{\"@type\":\"ListItem\",\"position\":1,\"name\":\"Home\",\"item\":\"https:\/\/apixagroup.com\/\"},{\"@type\":\"ListItem\",\"position\":2,\"name\":\"Shareholder relations\"}]},{\"@type\":\"WebSite\",\"@id\":\"https:\/\/apixagroup.com\/#website\",\"url\":\"https:\/\/apixagroup.com\/\",\"name\":\"Apixa Group\",\"description\":\"Apixa Investment and Development Group\",\"publisher\":{\"@id\":\"https:\/\/apixagroup.com\/#organization\"},\"alternateName\":\"Apixa Group\",\"potentialAction\":[{\"@type\":\"SearchAction\",\"target\":{\"@type\":\"EntryPoint\",\"urlTemplate\":\"https:\/\/apixagroup.com\/?s={search_term_string}\"},\"query-input\":{\"@type\":\"PropertyValueSpecification\",\"valueRequired\":true,\"valueName\":\"search_term_string\"}}],\"inLanguage\":\"vi\"},{\"@type\":\"Organization\",\"@id\":\"https:\/\/apixagroup.com\/#organization\",\"name\":\"Apixa Group\",\"alternateName\":\"Apixa Group\",\"url\":\"https:\/\/apixagroup.com\/\",\"logo\":{\"@type\":\"ImageObject\",\"inLanguage\":\"vi\",\"@id\":\"https:\/\/apixagroup.com\/#\/schema\/logo\/image\/\",\"url\":\"https:\/\/apixagroup.com\/wp-content\/uploads\/2024\/12\/cropped-Favicon-ApixaOne.png\",\"contentUrl\":\"https:\/\/apixagroup.com\/wp-content\/uploads\/2024\/12\/cropped-Favicon-ApixaOne.png\",\"width\":512,\"height\":512,\"caption\":\"Apixa Group\"},\"image\":{\"@id\":\"https:\/\/apixagroup.com\/#\/schema\/logo\/image\/\"},\"sameAs\":[\"https:\/\/www.facebook.com\/apixagroup.com\",\"https:\/\/x.com\/apixaglobal\"]}]}<\/script>\n<!-- \/ Yoast SEO plugin. -->","yoast_head_json":{"title":"Quan h\u1ec7 c\u1ed5 \u0111\u00f4ng | T\u1eadp \u0111o\u00e0n Apixa","robots":{"index":"index","follow":"follow","max-snippet":"max-snippet:-1","max-image-preview":"max-image-preview:large","max-video-preview":"max-video-preview:-1"},"canonical":"https:\/\/apixagroup.com\/vi\/quan-he-co-dong\/","og_locale":"vi_VN","og_type":"article","og_title":"Shareholder relations | Apixa Group","og_url":"https:\/\/apixagroup.com\/vi\/quan-he-co-dong\/","og_site_name":"Apixa Group","article_publisher":"https:\/\/www.facebook.com\/apixagroup.com","article_modified_time":"2022-10-19T02:08:29+00:00","og_image":[{"width":1200,"height":800,"url":"https:\/\/apixagroup.com\/wp-content\/uploads\/2025\/09\/apixa-group-building-1200x800-1.png","type":"image\/png"}],"twitter_card":"summary_large_image","twitter_site":"@apixaglobal","schema":{"@context":"https:\/\/schema.org","@graph":[{"@type":"WebPage","@id":"https:\/\/apixagroup.com\/shareholder-relations\/","url":"https:\/\/apixagroup.com\/shareholder-relations\/","name":"Quan h\u1ec7 c\u1ed5 \u0111\u00f4ng | T\u1eadp \u0111o\u00e0n Apixa","isPartOf":{"@id":"https:\/\/apixagroup.com\/#website"},"datePublished":"2022-08-17T07:25:20+00:00","dateModified":"2022-10-19T02:08:29+00:00","breadcrumb":{"@id":"https:\/\/apixagroup.com\/shareholder-relations\/#breadcrumb"},"inLanguage":"vi","potentialAction":[{"@type":"ReadAction","target":["https:\/\/apixagroup.com\/shareholder-relations\/"]}]},{"@type":"BreadcrumbList","@id":"https:\/\/apixagroup.com\/shareholder-relations\/#breadcrumb","itemListElement":[{"@type":"ListItem","position":1,"name":"Home","item":"https:\/\/apixagroup.com\/"},{"@type":"ListItem","position":2,"name":"Shareholder relations"}]},{"@type":"WebSite","@id":"https:\/\/apixagroup.com\/#website","url":"https:\/\/apixagroup.com\/","name":"T\u1eadp \u0111o\u00e0n Apixa","description":"T\u1eadp \u0111o\u00e0n \u0110\u1ea7u t\u01b0 v\u00e0 Ph\u00e1t tri\u1ec3n Apixa","publisher":{"@id":"https:\/\/apixagroup.com\/#organization"},"alternateName":"Apixa Group","potentialAction":[{"@type":"SearchAction","target":{"@type":"EntryPoint","urlTemplate":"https:\/\/apixagroup.com\/?s={search_term_string}"},"query-input":{"@type":"PropertyValueSpecification","valueRequired":true,"valueName":"search_term_string"}}],"inLanguage":"vi"},{"@type":"Organization","@id":"https:\/\/apixagroup.com\/#organization","name":"T\u1eadp \u0111o\u00e0n Apixa","alternateName":"Apixa Group","url":"https:\/\/apixagroup.com\/","logo":{"@type":"ImageObject","inLanguage":"vi","@id":"https:\/\/apixagroup.com\/#\/schema\/logo\/image\/","url":"https:\/\/apixagroup.com\/wp-content\/uploads\/2024\/12\/cropped-Favicon-ApixaOne.png","contentUrl":"https:\/\/apixagroup.com\/wp-content\/uploads\/2024\/12\/cropped-Favicon-ApixaOne.png","width":512,"height":512,"caption":"Apixa Group"},"image":{"@id":"https:\/\/apixagroup.com\/#\/schema\/logo\/image\/"},"sameAs":["https:\/\/www.facebook.com\/apixagroup.com","https:\/\/x.com\/apixaglobal"]}]}},"_links":{"self":[{"href":"https:\/\/apixagroup.com\/vi\/wp-json\/wp\/v2\/pages\/2082","targetHints":{"allow":["GET"]}}],"collection":[{"href":"https:\/\/apixagroup.com\/vi\/wp-json\/wp\/v2\/pages"}],"about":[{"href":"https:\/\/apixagroup.com\/vi\/wp-json\/wp\/v2\/types\/page"}],"author":[{"embeddable":true,"href":"https:\/\/apixagroup.com\/vi\/wp-json\/wp\/v2\/users\/2"}],"replies":[{"embeddable":true,"href":"https:\/\/apixagroup.com\/vi\/wp-json\/wp\/v2\/comments?post=2082"}],"version-history":[{"count":0,"href":"https:\/\/apixagroup.com\/vi\/wp-json\/wp\/v2\/pages\/2082\/revisions"}],"wp:attachment":[{"href":"https:\/\/apixagroup.com\/vi\/wp-json\/wp\/v2\/media?parent=2082"}],"curies":[{"name":"trang web","href":"https:\/\/api.w.org\/{rel}","templated":true}]}}