{"id":4036,"date":"2021-11-16T13:45:43","date_gmt":"2021-11-16T13:45:43","guid":{"rendered":"https:\/\/apixa.net\/?page_id=4036"},"modified":"2024-07-06T14:01:42","modified_gmt":"2024-07-06T07:01:42","slug":"lich-su-cua-chung-toi","status":"publish","type":"page","link":"https:\/\/apixagroup.com\/vi\/lich-su-cua-chung-toi\/","title":{"rendered":"L\u1ecbch s\u1eed"},"content":{"rendered":"<p><div class=\"fusion-fullwidth fullwidth-box fusion-builder-row-1 fusion-flex-container nonhundred-percent-fullwidth non-hundred-percent-height-scrolling fusion-animated\" style=\"--awb-border-radius-top-left:0px;--awb-border-radius-top-right:0px;--awb-border-radius-bottom-right:0px;--awb-border-radius-bottom-left:0px;--awb-margin-bottom:120px;--awb-margin-bottom-medium:80px;--awb-margin-bottom-small:60px;--awb-flex-wrap:wrap;\" data-animationtype=\"fadeInUp\" data-animationduration=\"1.3\" data-animationoffset=\"top-into-view\" ><div class=\"fusion-builder-row fusion-row fusion-flex-align-items-center fusion-flex-content-wrap\" style=\"max-width:1216.8px;margin-left: calc(-4% \/ 2 );margin-right: calc(-4% \/ 2 );\"><div class=\"fusion-layout-column fusion_builder_column fusion-builder-column-0 fusion-flex-column\" style=\"--awb-bg-blend:overlay;--awb-bg-size:cover;--awb-width-large:40%;--awb-margin-top-large:0px;--awb-spacing-right-large:4.8%;--awb-margin-bottom-large:0px;--awb-spacing-left-large:4.8%;--awb-width-medium:40%;--awb-spacing-right-medium:4.8%;--awb-spacing-left-medium:4.8%;--awb-width-small:100%;--awb-spacing-right-small:1.92%;--awb-margin-bottom-small:15px;--awb-spacing-left-small:1.92%;\"><div class=\"fusion-column-wrapper fusion-flex-justify-content-flex-start fusion-content-layout-column\"><div class=\"fusion-text fusion-text-1\" style=\"--awb-font-size:var(--awb-typography2-font-size);--awb-line-height:var(--awb-typography2-line-height);--awb-letter-spacing:var(--awb-typography2-letter-spacing);--awb-text-transform:var(--awb-typography2-text-transform);--awb-text-color:var(--awb-color4);--awb-text-font-family:var(--awb-typography2-font-family);--awb-text-font-weight:var(--awb-typography2-font-weight);--awb-text-font-style:var(--awb-typography2-font-style);\"><p style=\"letter-spacing: 3px;\">L\u1ecaCH S\u1eec C\u00d4NG TY<\/p>\n<\/div><div class=\"fusion-title title fusion-title-1 fusion-title-text fusion-title-size-two\" style=\"--awb-margin-bottom:0px;--awb-font-size:37px;\"><div class=\"title-sep-container title-sep-container-left fusion-no-large-visibility fusion-no-medium-visibility fusion-no-small-visibility\"><div class=\"title-sep sep- sep-solid\" style=\"border-color:var(--awb-color3);\"><\/div><\/div><span class=\"awb-title-spacer fusion-no-large-visibility fusion-no-medium-visibility fusion-no-small-visibility\"><\/span><h2 class=\"fusion-title-heading title-heading-left fusion-responsive-typography-calculated\" style=\"margin:0;font-size:1em;text-transform:capitalize;--fontSize:37;line-height:1.35;\">Apixa l\u00e0 s\u1ef1 l\u1ef1a ch\u1ecdn ho\u00e0n h\u1ea3o cho nhu c\u1ea7u ph\u1ea7n m\u1ec1m kinh doanh c\u1ee7a b\u1ea1n.<\/h2><span class=\"awb-title-spacer\"><\/span><div class=\"title-sep-container title-sep-container-right\"><div class=\"title-sep sep- sep-solid\" style=\"border-color:var(--awb-color3);\"><\/div><\/div><\/div><\/div><\/div><div class=\"fusion-layout-column fusion_builder_column fusion-builder-column-1 fusion-flex-column\" style=\"--awb-bg-blend:overlay;--awb-bg-size:cover;--awb-width-large:60%;--awb-margin-top-large:0px;--awb-spacing-right-large:3.2%;--awb-margin-bottom-large:0px;--awb-spacing-left-large:6.4%;--awb-width-medium:60%;--awb-spacing-right-medium:3.2%;--awb-spacing-left-medium:6.4%;--awb-width-small:100%;--awb-spacing-right-small:1.92%;--awb-spacing-left-small:1.92%;\"><div class=\"fusion-column-wrapper fusion-flex-justify-content-flex-start fusion-content-layout-column\"><div class=\"fusion-text fusion-text-2 fusion-text-no-margin\" style=\"--awb-text-color:var(--awb-color7);\"><p>Quisque blandit dolor risus, sed dapibus dui facilisis sed. Donec eu porta elit. Aliquam porta sollitudin ante, ac fermentum orci mattis et. Phasellus ac nibh eleifend, sagittis purus nec, elementum massa.<\/p>\n<\/div><\/div><\/div><\/div><\/div><div class=\"fusion-fullwidth fullwidth-box fusion-builder-row-2 fusion-flex-container nonhundred-percent-fullwidth non-hundred-percent-height-scrolling\" style=\"--awb-border-radius-top-left:0px;--awb-border-radius-top-right:0px;--awb-border-radius-bottom-right:0px;--awb-border-radius-bottom-left:0px;--awb-padding-top:90px;--awb-padding-bottom:65px;--awb-padding-top-medium:80px;--awb-padding-bottom-medium:80px;--awb-margin-bottom:0px;--awb-margin-bottom-medium:0px;--awb-margin-bottom-small:0px;--awb-background-color:var(--awb-color4);--awb-flex-wrap:wrap;\" ><div class=\"fusion-builder-row fusion-row fusion-flex-align-items-stretch fusion-flex-content-wrap\" style=\"max-width:1216.8px;margin-left: calc(-4% \/ 2 );margin-right: calc(-4% \/ 2 );\"><div class=\"fusion-layout-column fusion_builder_column fusion-builder-column-2 fusion_builder_column_1_1 1_1 fusion-flex-column\" style=\"--awb-bg-size:cover;--awb-width-large:100%;--awb-margin-top-large:0px;--awb-spacing-right-large:1.92%;--awb-margin-bottom-large:0px;--awb-spacing-left-large:1.92%;--awb-width-medium:100%;--awb-order-medium:0;--awb-spacing-right-medium:1.92%;--awb-spacing-left-medium:1.92%;--awb-width-small:100%;--awb-order-small:0;--awb-spacing-right-small:1.92%;--awb-spacing-left-small:1.92%;\"><div class=\"fusion-column-wrapper fusion-column-has-shadow fusion-flex-justify-content-flex-start fusion-content-layout-column\"><div class=\"fusion-content-boxes content-boxes columns row fusion-columns-1 fusion-columns-total-4 fusion-content-boxes-1 content-boxes-timeline-vertical content-left content-boxes-timeline-layout content-boxes-icon-with-title fusion-delayed-animation\" style=\"--awb-backgroundcolor:var(--awb-color1);--awb-body-color:hsla(var(--awb-color8-h),var(--awb-color8-s),var(--awb-color8-l),calc( var(--awb-color8-a) - 33% ));--awb-title-color:var(--awb-color8);--awb-margin-bottom:0px;--awb-hover-accent-color:var(--awb-color4);--awb-circle-hover-accent-color:var(--awb-color4);--awb-item-margin-bottom:40px;\" data-animation-delay=\"350\" data-animationoffset=\"top-into-view\"><div style=\"--awb-backgroundcolor:var(--awb-color1);--awb-content-padding-left:74px;\" class=\"fusion-column content-box-column content-box-column content-box-column-1 col-lg-12 col-md-12 col-sm-12 fusion-content-box-hover content-box-column-last-in-row\"><div class=\"col content-box-wrapper content-wrapper-background link-area-link-icon content-icon-wrapper-yes icon-hover-animation-fade fusion-animated\" data-animationtype=\"fadeIn\" data-animationduration=\"0.25\" data-animationoffset=\"top-into-view\"><div class=\"heading heading-with-icon icon-left\" style=\"margin-top:14.5px;\"><div class=\"icon\" style=\"margin-top:-14.5px;margin-bottom:-14.5px;-webkit-animation-duration: 350ms;animation-duration: 350ms;\"><span style=\"height:52px;width:52px;line-height:28px;border-color:var(--awb-color1);border-width:1px;border-style:solid;background-color:var(--awb-color1);margin-right:20px;box-sizing:content-box;border-radius:100%;\"><i style=\"border-color:var(--awb-color1);border-width:2px;background-color:var(--awb-color4);box-sizing:content-box;height:48px;width:48px;line-height:48px;border-radius:100%;position:relative;top:auto;left:auto;margin:0;border-radius:100%;font-size:24px;\" aria-hidden=\"true\" class=\"fontawesome-icon classic-flag-solid circle-yes\"><\/i><\/span><\/div><h3 class=\"content-box-heading fusion-responsive-typography-calculated\" style=\"--h3_typography-font-size:25px;--fontSize:25;line-height:var(--awb-typography1-line-height);\"> Th\u00e0nh l\u1eadp c\u00f4ng ty<\/h3><\/div><div class=\"fusion-clearfix\"><\/div><div class=\"content-container\">\n<div><span style=\"color: var(--awb-color4);\">2013<\/span><\/div>\n<p><span style=\"font-family: var(--body_typography-font-family); font-size: var(--body_typography-font-size); font-style: var(--body_typography-font-style,normal); font-weight: var(--body_typography-font-weight); letter-spacing: var(--body_typography-letter-spacing);\">Donec nec dinissim risus. Aliquam quis tristique eros. Nullam gradida magna xe c\u1ed9 felis pulvinar vulputate ac nec erat. Donec ornare fermentum massa sed dapibus. Proin orci erat, laoreet ut pulvinar vel, finibus at mi.<\/span><\/div><div class=\"content-box-shortcode-timeline-vertical\" style=\"border-color:var(--awb-color1);left:77px;top:62px;-webkit-transition-duration: 350ms;animation-duration: 350ms;\"><\/div><\/div><\/div><div style=\"--awb-backgroundcolor:var(--awb-color1);--awb-content-padding-left:74px;\" class=\"fusion-column content-box-column content-box-column content-box-column-2 col-lg-12 col-md-12 col-sm-12 fusion-content-box-hover content-box-column-last-in-row\"><div class=\"col content-box-wrapper content-wrapper-background link-area-link-icon content-icon-wrapper-yes icon-hover-animation-fade fusion-animated\" data-animationtype=\"fadeIn\" data-animationduration=\"0.25\" data-animationoffset=\"top-into-view\"><div class=\"heading heading-with-icon icon-left\" style=\"margin-top:14.5px;\"><div class=\"icon\" style=\"margin-top:-14.5px;margin-bottom:-14.5px;-webkit-animation-duration: 350ms;animation-duration: 350ms;\"><span style=\"height:52px;width:52px;line-height:28px;border-color:var(--awb-color1);border-width:1px;border-style:solid;background-color:var(--awb-color1);margin-right:20px;box-sizing:content-box;border-radius:100%;\"><i style=\"border-color:var(--awb-color1);border-width:2px;background-color:var(--awb-color4);box-sizing:content-box;height:48px;width:48px;line-height:48px;border-radius:100%;position:relative;top:auto;left:auto;margin:0;border-radius:100%;font-size:24px;\" aria-hidden=\"true\" class=\"fontawesome-icon classic-server circle-yes\"><\/i><\/span><\/div><h3 class=\"content-box-heading fusion-responsive-typography-calculated\" style=\"--h3_typography-font-size:25px;--fontSize:25;line-height:var(--awb-typography1-line-height);\"> B\u1ed9 s\u1ea3n ph\u1ea9m \u0111\u00e3 ra m\u1eaft<\/h3><\/div><div class=\"fusion-clearfix\"><\/div><div class=\"content-container\">\n<div><span style=\"color: var(--awb-color4);\">2014<\/span><\/div>\n<p><span style=\"font-family: var(--body_typography-font-family); font-size: var(--body_typography-font-size); font-style: var(--body_typography-font-style,normal); font-weight: var(--body_typography-font-weight); letter-spacing: var(--body_typography-letter-spacing);\">Donec nec dinissim risus. Aliquam quis tristique eros. Nullam gradida magna xe c\u1ed9 felis pulvinar vulputate ac nec erat. Donec ornare fermentum massa sed dapibus. Proin orci erat, laoreet ut pulvinar vel, finibus at mi.<\/span><\/div><div class=\"content-box-shortcode-timeline-vertical\" style=\"border-color:var(--awb-color1);left:77px;top:62px;-webkit-transition-duration: 350ms;animation-duration: 350ms;\"><\/div><\/div><\/div><div style=\"--awb-backgroundcolor:var(--awb-color1);--awb-content-padding-left:74px;\" class=\"fusion-column content-box-column content-box-column content-box-column-3 col-lg-12 col-md-12 col-sm-12 fusion-content-box-hover content-box-column-last-in-row\"><div class=\"col content-box-wrapper content-wrapper-background link-area-link-icon content-icon-wrapper-yes icon-hover-animation-fade fusion-animated\" data-animationtype=\"fadeIn\" data-animationduration=\"0.25\" data-animationoffset=\"top-into-view\"><div class=\"heading heading-with-icon icon-left\" style=\"margin-top:14.5px;\"><div class=\"icon\" style=\"margin-top:-14.5px;margin-bottom:-14.5px;-webkit-animation-duration: 350ms;animation-duration: 350ms;\"><span style=\"height:52px;width:52px;line-height:28px;border-color:var(--awb-color1);border-width:1px;border-style:solid;background-color:var(--awb-color1);margin-right:20px;box-sizing:content-box;border-radius:100%;\"><i style=\"border-color:var(--awb-color1);border-width:2px;background-color:var(--awb-color4);box-sizing:content-box;height:48px;width:48px;line-height:48px;border-radius:100%;position:relative;top:auto;left:auto;margin:0;border-radius:100%;font-size:24px;\" aria-hidden=\"true\" class=\"fontawesome-icon classic-money-bill-wave-solid circle-yes\"><\/i><\/span><\/div><h3 class=\"content-box-heading fusion-responsive-typography-calculated\" style=\"--h3_typography-font-size:25px;--fontSize:25;line-height:var(--awb-typography1-line-height);\">\u0110\u00e3 huy \u0111\u1ed9ng \u0111\u01b0\u1ee3c $21,5 tri\u1ec7u \u0111\u1ea7u t\u01b0<\/h3><\/div><div class=\"fusion-clearfix\"><\/div><div class=\"content-container\">\n<div><span style=\"color: var(--awb-color4);\">2015<\/span><\/div>\n<p><span style=\"font-family: var(--body_typography-font-family); font-size: var(--body_typography-font-size); font-style: var(--body_typography-font-style,normal); font-weight: var(--body_typography-font-weight); letter-spacing: var(--body_typography-letter-spacing);\">Donec nec dinissim risus. Aliquam quis tristique eros. Nullam gradida magna xe c\u1ed9 felis pulvinar vulputate ac nec erat. Donec ornare fermentum massa sed dapibus. Proin orci erat, laoreet ut pulvinar vel, finibus at mi.<\/span><\/div><div class=\"content-box-shortcode-timeline-vertical\" style=\"border-color:var(--awb-color1);left:77px;top:62px;-webkit-transition-duration: 350ms;animation-duration: 350ms;\"><\/div><\/div><\/div><div style=\"--awb-backgroundcolor:var(--awb-color1);--awb-content-padding-left:74px;\" class=\"fusion-column content-box-column content-box-column content-box-column-4 col-lg-12 col-md-12 col-sm-12 fusion-content-box-hover content-box-column-last content-box-column-last-in-row\"><div class=\"col content-box-wrapper content-wrapper-background link-area-link-icon content-icon-wrapper-yes icon-hover-animation-fade fusion-animated\" data-animationtype=\"fadeIn\" data-animationduration=\"0.25\" data-animationoffset=\"top-into-view\"><div class=\"heading heading-with-icon icon-left\" style=\"margin-top:14.5px;\"><div class=\"icon\" style=\"margin-top:-14.5px;margin-bottom:-14.5px;-webkit-animation-duration: 350ms;animation-duration: 350ms;\"><span style=\"height:52px;width:52px;line-height:28px;border-color:var(--awb-color1);border-width:1px;border-style:solid;background-color:var(--awb-color1);margin-right:20px;box-sizing:content-box;border-radius:100%;\"><i style=\"border-color:var(--awb-color1);border-width:2px;background-color:var(--awb-color4);box-sizing:content-box;height:48px;width:48px;line-height:48px;border-radius:100%;position:relative;top:auto;left:auto;margin:0;border-radius:100%;font-size:24px;\" aria-hidden=\"true\" class=\"fontawesome-icon classic-globe circle-yes\"><\/i><\/span><\/div><h3 class=\"content-box-heading fusion-responsive-typography-calculated\" style=\"--h3_typography-font-size:25px;--fontSize:25;line-height:var(--awb-typography1-line-height);\"> M\u1edf r\u1ed9ng ra h\u01a1n 40 qu\u1ed1c gia<\/h3><\/div><div class=\"fusion-clearfix\"><\/div><div class=\"content-container\">\n<div><span style=\"color: var(--awb-color4);\">2016<\/span><\/div>\n<p><span style=\"font-family: var(--body_typography-font-family); font-size: var(--body_typography-font-size); font-style: var(--body_typography-font-style,normal); font-weight: var(--body_typography-font-weight); letter-spacing: var(--body_typography-letter-spacing);\">Donec nec dinissim risus. Aliquam quis tristique eros. Nullam gradida magna xe c\u1ed9 felis pulvinar vulputate ac nec erat. Donec ornare fermentum massa sed dapibus. Proin orci erat, laoreet ut pulvinar vel, finibus at mi.<\/span><\/div><div class=\"content-box-shortcode-timeline-vertical\" style=\"border-color:var(--awb-color1);left:77px;top:62px;-webkit-transition-duration: 350ms;animation-duration: 350ms;\"><\/div><\/div><\/div><div class=\"fusion-clearfix\"><\/div><\/div><\/div><\/div><\/div><\/div><\/p>","protected":false},"excerpt":{"rendered":"","protected":false},"author":2,"featured_media":3938,"parent":0,"menu_order":0,"comment_status":"closed","ping_status":"closed","template":"100-width.php","meta":{"footnotes":""},"class_list":["post-4036","page","type-page","status-publish","has-post-thumbnail","hentry"],"yoast_head":"<!-- This site is optimized with the Yoast SEO plugin v27.2 - https:\/\/yoast.com\/product\/yoast-seo-wordpress\/ -->\n<title>Our History | Apixa Group<\/title>\n<meta name=\"robots\" content=\"index, follow, max-snippet:-1, max-image-preview:large, max-video-preview:-1\" \/>\n<link rel=\"canonical\" href=\"https:\/\/apixagroup.com\/vi\/lich-su-cua-chung-toi\/\" \/>\n<meta property=\"og:locale\" content=\"vi_VN\" \/>\n<meta property=\"og:type\" content=\"article\" \/>\n<meta property=\"og:title\" content=\"Our History | Apixa Group\" \/>\n<meta property=\"og:url\" content=\"https:\/\/apixagroup.com\/vi\/lich-su-cua-chung-toi\/\" \/>\n<meta property=\"og:site_name\" content=\"Apixa Group\" \/>\n<meta property=\"article:publisher\" content=\"https:\/\/www.facebook.com\/apixagroup.com\" \/>\n<meta property=\"article:modified_time\" content=\"2024-07-06T07:01:42+00:00\" \/>\n<meta property=\"og:image\" content=\"https:\/\/apixagroup.com\/wp-content\/uploads\/2021\/11\/25.jpg\" \/>\n\t<meta property=\"og:image:width\" content=\"1393\" \/>\n\t<meta property=\"og:image:height\" content=\"630\" \/>\n\t<meta property=\"og:image:type\" content=\"image\/jpeg\" \/>\n<meta name=\"twitter:card\" content=\"summary_large_image\" \/>\n<meta name=\"twitter:site\" content=\"@apixaglobal\" \/>\n<meta name=\"twitter:label1\" content=\"\u01af\u1edbc t\u00ednh th\u1eddi gian \u0111\u1ecdc\" \/>\n\t<meta name=\"twitter:data1\" content=\"4 ph\u00fat\" \/>\n<script type=\"application\/ld+json\" class=\"yoast-schema-graph\">{\"@context\":\"https:\/\/schema.org\",\"@graph\":[{\"@type\":\"WebPage\",\"@id\":\"https:\/\/apixagroup.com\/our-history\/\",\"url\":\"https:\/\/apixagroup.com\/our-history\/\",\"name\":\"Our History | Apixa Group\",\"isPartOf\":{\"@id\":\"https:\/\/apixagroup.com\/#website\"},\"primaryImageOfPage\":{\"@id\":\"https:\/\/apixagroup.com\/our-history\/#primaryimage\"},\"image\":{\"@id\":\"https:\/\/apixagroup.com\/our-history\/#primaryimage\"},\"thumbnailUrl\":\"https:\/\/apixagroup.com\/wp-content\/uploads\/2021\/11\/25.jpg\",\"datePublished\":\"2021-11-16T13:45:43+00:00\",\"dateModified\":\"2024-07-06T07:01:42+00:00\",\"breadcrumb\":{\"@id\":\"https:\/\/apixagroup.com\/our-history\/#breadcrumb\"},\"inLanguage\":\"vi\",\"potentialAction\":[{\"@type\":\"ReadAction\",\"target\":[\"https:\/\/apixagroup.com\/our-history\/\"]}]},{\"@type\":\"ImageObject\",\"inLanguage\":\"vi\",\"@id\":\"https:\/\/apixagroup.com\/our-history\/#primaryimage\",\"url\":\"https:\/\/apixagroup.com\/wp-content\/uploads\/2021\/11\/25.jpg\",\"contentUrl\":\"https:\/\/apixagroup.com\/wp-content\/uploads\/2021\/11\/25.jpg\",\"width\":1393,\"height\":630,\"caption\":\"25\"},{\"@type\":\"BreadcrumbList\",\"@id\":\"https:\/\/apixagroup.com\/our-history\/#breadcrumb\",\"itemListElement\":[{\"@type\":\"ListItem\",\"position\":1,\"name\":\"Home\",\"item\":\"https:\/\/apixagroup.com\/\"},{\"@type\":\"ListItem\",\"position\":2,\"name\":\"Our History\"}]},{\"@type\":\"WebSite\",\"@id\":\"https:\/\/apixagroup.com\/#website\",\"url\":\"https:\/\/apixagroup.com\/\",\"name\":\"Apixa Group\",\"description\":\"Apixa Investment and Development Group\",\"publisher\":{\"@id\":\"https:\/\/apixagroup.com\/#organization\"},\"alternateName\":\"Apixa Group\",\"potentialAction\":[{\"@type\":\"SearchAction\",\"target\":{\"@type\":\"EntryPoint\",\"urlTemplate\":\"https:\/\/apixagroup.com\/?s={search_term_string}\"},\"query-input\":{\"@type\":\"PropertyValueSpecification\",\"valueRequired\":true,\"valueName\":\"search_term_string\"}}],\"inLanguage\":\"vi\"},{\"@type\":\"Organization\",\"@id\":\"https:\/\/apixagroup.com\/#organization\",\"name\":\"Apixa Group\",\"alternateName\":\"Apixa Group\",\"url\":\"https:\/\/apixagroup.com\/\",\"logo\":{\"@type\":\"ImageObject\",\"inLanguage\":\"vi\",\"@id\":\"https:\/\/apixagroup.com\/#\/schema\/logo\/image\/\",\"url\":\"https:\/\/apixagroup.com\/wp-content\/uploads\/2024\/12\/cropped-Favicon-ApixaOne.png\",\"contentUrl\":\"https:\/\/apixagroup.com\/wp-content\/uploads\/2024\/12\/cropped-Favicon-ApixaOne.png\",\"width\":512,\"height\":512,\"caption\":\"Apixa Group\"},\"image\":{\"@id\":\"https:\/\/apixagroup.com\/#\/schema\/logo\/image\/\"},\"sameAs\":[\"https:\/\/www.facebook.com\/apixagroup.com\",\"https:\/\/x.com\/apixaglobal\"]}]}<\/script>\n<!-- \/ Yoast SEO plugin. -->","yoast_head_json":{"title":"L\u1ecbch s\u1eed c\u1ee7a ch\u00fang t\u00f4i | T\u1eadp \u0111o\u00e0n Apixa","robots":{"index":"index","follow":"follow","max-snippet":"max-snippet:-1","max-image-preview":"max-image-preview:large","max-video-preview":"max-video-preview:-1"},"canonical":"https:\/\/apixagroup.com\/vi\/lich-su-cua-chung-toi\/","og_locale":"vi_VN","og_type":"article","og_title":"Our History | Apixa Group","og_url":"https:\/\/apixagroup.com\/vi\/lich-su-cua-chung-toi\/","og_site_name":"Apixa Group","article_publisher":"https:\/\/www.facebook.com\/apixagroup.com","article_modified_time":"2024-07-06T07:01:42+00:00","og_image":[{"width":1393,"height":630,"url":"https:\/\/apixagroup.com\/wp-content\/uploads\/2021\/11\/25.jpg","type":"image\/jpeg"}],"twitter_card":"summary_large_image","twitter_site":"@apixaglobal","twitter_misc":{"\u01af\u1edbc t\u00ednh th\u1eddi gian \u0111\u1ecdc":"4 ph\u00fat"},"schema":{"@context":"https:\/\/schema.org","@graph":[{"@type":"WebPage","@id":"https:\/\/apixagroup.com\/our-history\/","url":"https:\/\/apixagroup.com\/our-history\/","name":"L\u1ecbch s\u1eed c\u1ee7a ch\u00fang t\u00f4i | T\u1eadp \u0111o\u00e0n Apixa","isPartOf":{"@id":"https:\/\/apixagroup.com\/#website"},"primaryImageOfPage":{"@id":"https:\/\/apixagroup.com\/our-history\/#primaryimage"},"image":{"@id":"https:\/\/apixagroup.com\/our-history\/#primaryimage"},"thumbnailUrl":"https:\/\/apixagroup.com\/wp-content\/uploads\/2021\/11\/25.jpg","datePublished":"2021-11-16T13:45:43+00:00","dateModified":"2024-07-06T07:01:42+00:00","breadcrumb":{"@id":"https:\/\/apixagroup.com\/our-history\/#breadcrumb"},"inLanguage":"vi","potentialAction":[{"@type":"ReadAction","target":["https:\/\/apixagroup.com\/our-history\/"]}]},{"@type":"ImageObject","inLanguage":"vi","@id":"https:\/\/apixagroup.com\/our-history\/#primaryimage","url":"https:\/\/apixagroup.com\/wp-content\/uploads\/2021\/11\/25.jpg","contentUrl":"https:\/\/apixagroup.com\/wp-content\/uploads\/2021\/11\/25.jpg","width":1393,"height":630,"caption":"25"},{"@type":"BreadcrumbList","@id":"https:\/\/apixagroup.com\/our-history\/#breadcrumb","itemListElement":[{"@type":"ListItem","position":1,"name":"Home","item":"https:\/\/apixagroup.com\/"},{"@type":"ListItem","position":2,"name":"Our History"}]},{"@type":"WebSite","@id":"https:\/\/apixagroup.com\/#website","url":"https:\/\/apixagroup.com\/","name":"T\u1eadp \u0111o\u00e0n Apixa","description":"T\u1eadp \u0111o\u00e0n \u0110\u1ea7u t\u01b0 v\u00e0 Ph\u00e1t tri\u1ec3n Apixa","publisher":{"@id":"https:\/\/apixagroup.com\/#organization"},"alternateName":"Apixa Group","potentialAction":[{"@type":"SearchAction","target":{"@type":"EntryPoint","urlTemplate":"https:\/\/apixagroup.com\/?s={search_term_string}"},"query-input":{"@type":"PropertyValueSpecification","valueRequired":true,"valueName":"search_term_string"}}],"inLanguage":"vi"},{"@type":"Organization","@id":"https:\/\/apixagroup.com\/#organization","name":"T\u1eadp \u0111o\u00e0n Apixa","alternateName":"Apixa Group","url":"https:\/\/apixagroup.com\/","logo":{"@type":"ImageObject","inLanguage":"vi","@id":"https:\/\/apixagroup.com\/#\/schema\/logo\/image\/","url":"https:\/\/apixagroup.com\/wp-content\/uploads\/2024\/12\/cropped-Favicon-ApixaOne.png","contentUrl":"https:\/\/apixagroup.com\/wp-content\/uploads\/2024\/12\/cropped-Favicon-ApixaOne.png","width":512,"height":512,"caption":"Apixa Group"},"image":{"@id":"https:\/\/apixagroup.com\/#\/schema\/logo\/image\/"},"sameAs":["https:\/\/www.facebook.com\/apixagroup.com","https:\/\/x.com\/apixaglobal"]}]}},"_links":{"self":[{"href":"https:\/\/apixagroup.com\/vi\/wp-json\/wp\/v2\/pages\/4036","targetHints":{"allow":["GET"]}}],"collection":[{"href":"https:\/\/apixagroup.com\/vi\/wp-json\/wp\/v2\/pages"}],"about":[{"href":"https:\/\/apixagroup.com\/vi\/wp-json\/wp\/v2\/types\/page"}],"author":[{"embeddable":true,"href":"https:\/\/apixagroup.com\/vi\/wp-json\/wp\/v2\/users\/2"}],"replies":[{"embeddable":true,"href":"https:\/\/apixagroup.com\/vi\/wp-json\/wp\/v2\/comments?post=4036"}],"version-history":[{"count":0,"href":"https:\/\/apixagroup.com\/vi\/wp-json\/wp\/v2\/pages\/4036\/revisions"}],"wp:featuredmedia":[{"embeddable":true,"href":"https:\/\/apixagroup.com\/vi\/wp-json\/wp\/v2\/media\/3938"}],"wp:attachment":[{"href":"https:\/\/apixagroup.com\/vi\/wp-json\/wp\/v2\/media?parent=4036"}],"curies":[{"name":"trang web","href":"https:\/\/api.w.org\/{rel}","templated":true}]}}