{"id":5128,"date":"2022-10-05T16:23:04","date_gmt":"2022-10-05T09:23:04","guid":{"rendered":"https:\/\/apixa.net\/?page_id=5128"},"modified":"2026-03-25T16:55:39","modified_gmt":"2026-03-25T09:55:39","slug":"he-sinh-thai","status":"publish","type":"page","link":"https:\/\/apixagroup.com\/vi\/he-sinh-thai\/","title":{"rendered":"H\u1ec7 sinh th\u00e1i"},"content":{"rendered":"<p><div class=\"fusion-fullwidth fullwidth-box fusion-builder-row-1 fusion-flex-container has-pattern-background has-mask-background nonhundred-percent-fullwidth non-hundred-percent-height-scrolling\" style=\"--awb-border-radius-top-left:0px;--awb-border-radius-top-right:0px;--awb-border-radius-bottom-right:0px;--awb-border-radius-bottom-left:0px;--awb-padding-bottom:0px;--awb-margin-bottom:0px;--awb-flex-wrap:wrap;\" ><div class=\"fusion-builder-row fusion-row fusion-flex-align-items-flex-start fusion-flex-content-wrap\" style=\"max-width:calc( 1170px + 2px );margin-left: calc(-2px \/ 2 );margin-right: calc(-2px \/ 2 );\"><div class=\"fusion-layout-column fusion_builder_column fusion-builder-column-0 fusion_builder_column_1_5 1_5 fusion-flex-column\" style=\"--awb-bg-size:cover;--awb-width-large:20%;--awb-margin-top-large:0px;--awb-spacing-right-large:1px;--awb-margin-bottom-large:20px;--awb-spacing-left-large:1px;--awb-width-medium:100%;--awb-order-medium:0;--awb-spacing-right-medium:1px;--awb-spacing-left-medium:1px;--awb-width-small:33.333333333333%;--awb-order-small:0;--awb-spacing-right-small:1px;--awb-spacing-left-small:1px;\"><div class=\"fusion-column-wrapper fusion-column-has-shadow fusion-flex-justify-content-flex-start fusion-content-layout-column\"><div style=\"text-align:center;\"><a class=\"fusion-button button-3d fusion-button-default-size button-default fusion-button-default button-1 fusion-button-span-yes\" target=\"_self\" href=\"https:\/\/apixagroup.com\/vi\/he-sinh-thai\/\"><span class=\"fusion-button-text awb-button__text awb-button__text--default\">Ph\u1ed5 bi\u1ebfn<\/span><\/a><\/div><\/div><\/div><div class=\"fusion-layout-column fusion_builder_column fusion-builder-column-1 fusion_builder_column_1_5 1_5 fusion-flex-column\" style=\"--awb-bg-size:cover;--awb-width-large:20%;--awb-margin-top-large:0px;--awb-spacing-right-large:1px;--awb-margin-bottom-large:20px;--awb-spacing-left-large:1px;--awb-width-medium:100%;--awb-order-medium:0;--awb-spacing-right-medium:1px;--awb-spacing-left-medium:1px;--awb-width-small:33.333333333333%;--awb-order-small:0;--awb-spacing-right-small:1px;--awb-spacing-left-small:1px;\"><div class=\"fusion-column-wrapper fusion-column-has-shadow fusion-flex-justify-content-flex-start fusion-content-layout-column\"><div style=\"text-align:center;\"><a class=\"fusion-button button-flat fusion-button-default-size button-custom fusion-button-default button-2 fusion-button-span-yes fusion-button-default-type\" style=\"--button_accent_color:#4c4c4c;--button_border_color:#4c4c4c;--button_accent_hover_color:var(--awb-color1);--button_border_hover_color:var(--awb-color1);--button_gradient_top_color:var(--awb-color3);--button_gradient_bottom_color:var(--awb-color3);--button_gradient_top_color_hover:var(--awb-color5);--button_gradient_bottom_color_hover:var(--awb-color5);\" target=\"_self\" href=\"https:\/\/apixagroup.com\/vi\/he-sinh-thai\/cong-nghe\/\"><span class=\"fusion-button-text awb-button__text awb-button__text--default\">C\u00f4ng ngh\u1ec7 <\/span><\/a><\/div><\/div><\/div><div class=\"fusion-layout-column fusion_builder_column fusion-builder-column-2 fusion_builder_column_1_5 1_5 fusion-flex-column\" style=\"--awb-bg-size:cover;--awb-width-large:20%;--awb-margin-top-large:0px;--awb-spacing-right-large:1px;--awb-margin-bottom-large:20px;--awb-spacing-left-large:1px;--awb-width-medium:100%;--awb-order-medium:0;--awb-spacing-right-medium:1px;--awb-spacing-left-medium:1px;--awb-width-small:33.333333333333%;--awb-order-small:0;--awb-spacing-right-small:1px;--awb-spacing-left-small:1px;\"><div class=\"fusion-column-wrapper fusion-column-has-shadow fusion-flex-justify-content-flex-start fusion-content-layout-column\"><div style=\"text-align:center;\"><a class=\"fusion-button button-flat fusion-button-default-size button-custom fusion-button-default button-3 fusion-button-span-yes fusion-button-default-type\" style=\"--button_accent_color:#4c4c4c;--button_border_color:#4c4c4c;--button_accent_hover_color:var(--awb-color1);--button_border_hover_color:var(--awb-color1);--button_gradient_top_color:var(--awb-color3);--button_gradient_bottom_color:var(--awb-color3);--button_gradient_top_color_hover:var(--awb-color5);--button_gradient_bottom_color_hover:var(--awb-color5);\" target=\"_self\" href=\"https:\/\/apixagroup.com\/vi\/he-sinh-thai\/tai-chinh\/\"><span class=\"fusion-button-text awb-button__text awb-button__text--default\">T\u00e0i ch\u00ednh<\/span><\/a><\/div><\/div><\/div><div class=\"fusion-layout-column fusion_builder_column fusion-builder-column-3 fusion_builder_column_1_5 1_5 fusion-flex-column\" style=\"--awb-bg-size:cover;--awb-width-large:20%;--awb-margin-top-large:0px;--awb-spacing-right-large:1px;--awb-margin-bottom-large:20px;--awb-spacing-left-large:1px;--awb-width-medium:100%;--awb-order-medium:0;--awb-spacing-right-medium:1px;--awb-spacing-left-medium:1px;--awb-width-small:33.333333333333%;--awb-order-small:0;--awb-spacing-right-small:1px;--awb-spacing-left-small:1px;\"><div class=\"fusion-column-wrapper fusion-column-has-shadow fusion-flex-justify-content-flex-start fusion-content-layout-column\"><div style=\"text-align:center;\"><a class=\"fusion-button button-flat fusion-button-default-size button-custom fusion-button-default button-4 fusion-button-span-yes fusion-button-default-type\" style=\"--button_accent_color:#4c4c4c;--button_border_color:#4c4c4c;--button_accent_hover_color:var(--awb-color1);--button_border_hover_color:var(--awb-color1);--button_gradient_top_color:var(--awb-color3);--button_gradient_bottom_color:var(--awb-color3);--button_gradient_top_color_hover:var(--awb-color5);--button_gradient_bottom_color_hover:var(--awb-color5);\" target=\"_self\" href=\"https:\/\/apixagroup.com\/vi\/he-sinh-thai\/giao-duc\/\"><span class=\"fusion-button-text awb-button__text awb-button__text--default\">Gi\u00e1o d\u1ee5c<\/span><\/a><\/div><\/div><\/div><div class=\"fusion-layout-column fusion_builder_column fusion-builder-column-4 fusion_builder_column_1_5 1_5 fusion-flex-column\" style=\"--awb-bg-size:cover;--awb-width-large:20%;--awb-margin-top-large:0px;--awb-spacing-right-large:1px;--awb-margin-bottom-large:20px;--awb-spacing-left-large:1px;--awb-width-medium:100%;--awb-order-medium:0;--awb-spacing-right-medium:1px;--awb-spacing-left-medium:1px;--awb-width-small:33.333333333333%;--awb-order-small:0;--awb-spacing-right-small:1px;--awb-spacing-left-small:1px;\"><div class=\"fusion-column-wrapper fusion-column-has-shadow fusion-flex-justify-content-flex-start fusion-content-layout-column\"><div style=\"text-align:center;\"><a class=\"fusion-button button-flat fusion-button-default-size button-custom fusion-button-default button-5 fusion-button-span-yes fusion-button-default-type\" style=\"--button_accent_color:#4c4c4c;--button_border_color:#4c4c4c;--button_accent_hover_color:var(--awb-color1);--button_border_hover_color:var(--awb-color1);--button_gradient_top_color:var(--awb-color3);--button_gradient_bottom_color:var(--awb-color3);--button_gradient_top_color_hover:var(--awb-color5);--button_gradient_bottom_color_hover:var(--awb-color5);\" target=\"_self\" href=\"https:\/\/apixagroup.com\/vi\/he-sinh-thai\/thuoc-ve-y-hoc\/\"><span class=\"fusion-button-text awb-button__text awb-button__text--default\">Y t\u1ebf<\/span><\/a><\/div><\/div><\/div><\/div><\/div><div class=\"fusion-fullwidth fullwidth-box fusion-builder-row-2 fusion-flex-container has-pattern-background has-mask-background nonhundred-percent-fullwidth non-hundred-percent-height-scrolling\" style=\"--awb-border-radius-top-left:0px;--awb-border-radius-top-right:0px;--awb-border-radius-bottom-right:0px;--awb-border-radius-bottom-left:0px;--awb-flex-wrap:wrap;\" ><div class=\"fusion-builder-row fusion-row fusion-flex-align-items-flex-start fusion-flex-content-wrap\" style=\"max-width:1216.8px;margin-left: calc(-4% \/ 2 );margin-right: calc(-4% \/ 2 );\"><div class=\"fusion-layout-column fusion_builder_column fusion-builder-column-5 fusion_builder_column_1_1 1_1 fusion-flex-column\" style=\"--awb-bg-size:cover;--awb-width-large:100%;--awb-margin-top-large:0px;--awb-spacing-right-large:1.92%;--awb-margin-bottom-large:20px;--awb-spacing-left-large:1.92%;--awb-width-medium:100%;--awb-order-medium:0;--awb-spacing-right-medium:1.92%;--awb-spacing-left-medium:1.92%;--awb-width-small:100%;--awb-order-small:0;--awb-spacing-right-small:1.92%;--awb-spacing-left-small:1.92%;\"><div class=\"fusion-column-wrapper fusion-column-has-shadow fusion-flex-justify-content-flex-start fusion-content-layout-column\"><div class=\"fusion-content-boxes content-boxes columns row fusion-columns-3 fusion-columns-total-5 fusion-content-boxes-1 content-boxes-clean-vertical content-left content-boxes-icon-on-top\" style=\"--awb-hover-accent-color:var(--awb-color4);--awb-circle-hover-accent-color:var(--awb-color4);\" data-animationoffset=\"top-into-view\"><div style=\"--awb-backgroundcolor:rgba(255,255,255,0);border-color:rgba(255,255,255,0);\" class=\"fusion-column content-box-column content-box-column content-box-column-1 col-lg-4 col-md-4 col-sm-4 fusion-content-box-hover content-box-column-first-in-row\"><div class=\"col content-box-wrapper content-wrapper link-area-link-icon link-type-text icon-hover-animation-fade\" data-animationoffset=\"top-into-view\"><div class=\"heading heading-with-icon icon-left\"><a class=\"heading-link\" href=\"https:\/\/clicksuccess.io\" target=\"_blank\" rel=\"noopener noreferrer\"><div aria-hidden=\"true\" class=\"image\"><img decoding=\"async\" class=\"lazyload\" src=\"data:image\/svg+xml,%3Csvg%20xmlns%3D%27http%3A%2F%2Fwww.w3.org%2F2000%2Fsvg%27%20width%3D%273461%27%20height%3D%27621%27%20viewBox%3D%270%200%203461%20621%27%3E%3Crect%20width%3D%273461%27%20height%3D%27621%27%20fill-opacity%3D%220%22%2F%3E%3C%2Fsvg%3E\" data-orig-src=\"https:\/\/apixagroup.com\/wp-content\/uploads\/2024\/07\/Logo-Click-Success.png\" width=\"220\" height=\"39.47\" alt=\"\" \/><\/div><h2 class=\"content-box-heading fusion-responsive-typography-calculated\" style=\"--h2_typography-font-size:25px;--fontSize:25;line-height:var(--awb-typography1-line-height);\">Click Success<\/h2><\/a><\/div><div class=\"fusion-clearfix\"><\/div><div class=\"content-container\">\n<p>Nhanh ch\u00f3ng t\u1ea1o ra k\u00eanh b\u00e1n h\u00e0ng \u0111\u1eb9p m\u1eaft, chuy\u1ec3n \u0111\u1ed5i kh\u00e1ch truy c\u1eadp th\u00e0nh kh\u00e1ch h\u00e0ng ti\u1ec1m n\u0103ng v\u00e0 sau \u0111\u00f3 l\u00e0 kh\u00e1ch h\u00e0ng th\u1ef1c s\u1ef1, h\u00e3y tham gia ClickSuccess \u0111\u1ec3 d\u1ec5 d\u00e0ng \u0111\u01b0a s\u1ea3n ph\u1ea9m v\u00e0 th\u00f4ng \u0111i\u1ec7p c\u1ee7a h\u1ecd \u0111\u1ebfn v\u1edbi th\u1ebf gi\u1edbi!<\/p>\n<\/div><div class=\"fusion-clearfix\"><\/div><a class=\"fusion-read-more\" href=\"https:\/\/clicksuccess.io\" target=\"_blank\" rel=\"noopener noreferrer\">\u0110\u1ecdc th\u00eam<\/a><div class=\"fusion-clearfix\"><\/div><\/div><\/div><div style=\"--awb-backgroundcolor:rgba(255,255,255,0);border-color:rgba(255,255,255,0);\" class=\"fusion-column content-box-column content-box-column content-box-column-2 col-lg-4 col-md-4 col-sm-4 fusion-content-box-hover\"><div class=\"col content-box-wrapper content-wrapper link-area-link-icon link-type-text icon-hover-animation-fade\" data-animationoffset=\"top-into-view\"><div class=\"heading heading-with-icon icon-left\"><a class=\"heading-link\" href=\"https:\/\/pendy.io\/\" target=\"_blank\" rel=\"noopener noreferrer\"><div aria-hidden=\"true\" class=\"image\"><img decoding=\"async\" class=\"lazyload\" src=\"data:image\/svg+xml,%3Csvg%20xmlns%3D%27http%3A%2F%2Fwww.w3.org%2F2000%2Fsvg%27%20width%3D%272560%27%20height%3D%27612%27%20viewBox%3D%270%200%202560%20612%27%3E%3Crect%20width%3D%272560%27%20height%3D%27612%27%20fill-opacity%3D%220%22%2F%3E%3C%2Fsvg%3E\" data-orig-src=\"https:\/\/apixagroup.com\/wp-content\/uploads\/2026\/03\/logo-pendy-dark-scaled.png\" width=\"160\" height=\"38.25\" alt=\"Pendy - Ph\u1ea7n m\u1ec1m v\u00e0 c\u00f4ng c\u1ee5 t\u1ef1 \u0111\u1ed9ng h\u00f3a quy tr\u00ecnh l\u00e0m vi\u1ec7c b\u1eb1ng AI\" \/><\/div><h2 class=\"content-box-heading fusion-responsive-typography-calculated\" style=\"--h2_typography-font-size:25px;--fontSize:25;line-height:var(--awb-typography1-line-height);\">Pendy<\/h2><\/a><\/div><div class=\"fusion-clearfix\"><\/div><div class=\"content-container\">T\u1ef1 \u0111\u1ed9ng h\u00f3a quy tr\u00ecnh l\u00e0m vi\u1ec7c c\u1ee7a b\u1ea1n m\u1ed9t c\u00e1ch d\u1ec5 d\u00e0ng. X\u00e2y d\u1ef1ng, m\u1edf r\u1ed9ng v\u00e0 qu\u1ea3n l\u00fd c\u00e1c quy tr\u00ecnh d\u1ef1a tr\u00ean AI v\u00e0 t\u00e1c nh\u00e2n b\u1eb1ng n\u1ec1n t\u1ea3ng t\u1ef1 \u0111\u1ed9ng h\u00f3a tr\u1ef1c quan, kh\u00f4ng c\u1ea7n l\u1eadp tr\u00ecnh. K\u1ebft n\u1ed1i c\u00e1c c\u00f4ng c\u1ee5 c\u1ee7a b\u1ea1n v\u00e0 t\u1ed1i \u01b0u h\u00f3a c\u00f4ng vi\u1ec7c ch\u1ec9 trong v\u00e0i ph\u00fat. B\u1eaft \u0111\u1ea7u d\u00f9ng th\u1eed mi\u1ec5n ph\u00ed ngay h\u00f4m nay!<\/div><div class=\"fusion-clearfix\"><\/div><a class=\"fusion-read-more\" href=\"https:\/\/pendy.io\/\" target=\"_blank\" rel=\"noopener noreferrer\">\u0110\u1ecdc th\u00eam<\/a><div class=\"fusion-clearfix\"><\/div><\/div><\/div><div style=\"--awb-backgroundcolor:rgba(255,255,255,0);border-color:rgba(255,255,255,0);\" class=\"fusion-column content-box-column content-box-column content-box-column-3 col-lg-4 col-md-4 col-sm-4 fusion-content-box-hover content-box-column-last-in-row\"><div class=\"col content-box-wrapper content-wrapper link-area-link-icon link-type-text icon-hover-animation-fade\" data-animationoffset=\"top-into-view\"><div class=\"heading heading-with-icon icon-left\"><a class=\"heading-link\" href=\"https:\/\/bioclick.net\/\" target=\"_blank\" rel=\"noopener noreferrer\"><div aria-hidden=\"true\" class=\"image\"><img decoding=\"async\" class=\"lazyload\" src=\"data:image\/svg+xml,%3Csvg%20xmlns%3D%27http%3A%2F%2Fwww.w3.org%2F2000%2Fsvg%27%20width%3D%27400%27%20height%3D%2793%27%20viewBox%3D%270%200%20400%2093%27%3E%3Crect%20width%3D%27400%27%20height%3D%2793%27%20fill-opacity%3D%220%22%2F%3E%3C%2Fsvg%3E\" data-orig-src=\"https:\/\/apixagroup.com\/wp-content\/uploads\/2024\/11\/logo-bioclick-400.png\" width=\"180\" height=\"41.85\" alt=\"\" \/><\/div><h2 class=\"content-box-heading fusion-responsive-typography-calculated\" style=\"--h2_typography-font-size:25px;--fontSize:25;line-height:var(--awb-typography1-line-height);\">BioClick<\/h2><\/a><\/div><div class=\"fusion-clearfix\"><\/div><div class=\"content-container\">\n<p>Tr\u00ecnh r\u00fat g\u1ecdn URL, H\u1ec7 th\u1ed1ng m\u00e3 QR &amp; 120 c\u00f4ng c\u1ee5 web h\u1eefu \u00edch. L\u00e0m m\u1ecdi th\u1ee9 ch\u1ec9 v\u1edbi m\u1ed9t n\u1ec1n t\u1ea3ng. \ud83d\udd17 Li\u00ean k\u1ebft r\u00fat g\u1ecdn \ud83d\udcf1 Trang c\u00e1 nh\u00e2n \ud83e\udd33 M\u00e3 QR \ud83d\udc64 Chia s\u1ebb vcard \ud83d\udcc3 Truy\u1ec1n t\u1ec7p \ud83e\uddd1\u200d\ud83d\udcbb L\u01b0u tr\u1eef trang web HTML<\/p>\n<\/div><div class=\"fusion-clearfix\"><\/div><a class=\"fusion-read-more\" href=\"https:\/\/bioclick.net\/\" target=\"_blank\" rel=\"noopener noreferrer\">\u0110\u1ecdc th\u00eam<\/a><div class=\"fusion-clearfix\"><\/div><\/div><\/div><div style=\"--awb-backgroundcolor:rgba(255,255,255,0);border-color:rgba(255,255,255,0);\" class=\"fusion-column content-box-column content-box-column content-box-column-4 col-lg-4 col-md-4 col-sm-4 fusion-content-box-hover content-box-column-first-in-row\"><div class=\"col content-box-wrapper content-wrapper link-area-link-icon link-type-text icon-hover-animation-fade\" data-animationoffset=\"top-into-view\"><div class=\"heading heading-with-icon icon-left\"><a class=\"heading-link\" href=\"https:\/\/webdaotao.com\/\" target=\"_blank\" rel=\"noopener noreferrer\"><div aria-hidden=\"true\" class=\"image\"><img decoding=\"async\" class=\"lazyload\" src=\"data:image\/svg+xml,%3Csvg%20xmlns%3D%27http%3A%2F%2Fwww.w3.org%2F2000%2Fsvg%27%20width%3D%271190%27%20height%3D%27230%27%20viewBox%3D%270%200%201190%20230%27%3E%3Crect%20width%3D%271190%27%20height%3D%27230%27%20fill-opacity%3D%220%22%2F%3E%3C%2Fsvg%3E\" data-orig-src=\"https:\/\/apixagroup.com\/wp-content\/uploads\/2026\/03\/logo-webdaotao.png\" width=\"230\" height=\"44.45\" alt=\"\" \/><\/div><h2 class=\"content-box-heading fusion-responsive-typography-calculated\" style=\"--h2_typography-font-size:25px;--fontSize:25;line-height:var(--awb-typography1-line-height);\">Webdaotao.com<\/h2><\/a><\/div><div class=\"fusion-clearfix\"><\/div><div class=\"content-container\">\n<p>WebDaoTao cung c\u1ea5p gi\u1ea3i ph\u00e1p x\u00e2y d\u1ef1ng website e-Learning chuy\u00ean nghi\u1ec7p cho c\u00e1c chuy\u00ean gia, gi\u1ea3ng vi\u00ean, hu\u1ea5n luy\u1ec7n vi\u00ean, gi\u00e1o vi\u00ean v\u00e0 b\u1ea5t k\u1ef3 ai mu\u1ed1n kinh doanh b\u00e1n kh\u00f3a h\u1ecdc tr\u1ef1c tuy\u1ebfn.<\/p>\n<\/div><div class=\"fusion-clearfix\"><\/div><a class=\"fusion-read-more\" href=\"https:\/\/webdaotao.com\/\" target=\"_blank\" rel=\"noopener noreferrer\">\u0110\u1ecdc th\u00eam<\/a><div class=\"fusion-clearfix\"><\/div><\/div><\/div><div style=\"--awb-backgroundcolor:rgba(255,255,255,0);border-color:rgba(255,255,255,0);\" class=\"fusion-column content-box-column content-box-column content-box-column-5 col-lg-4 col-md-4 col-sm-4 fusion-content-box-hover content-box-column-last\"><div class=\"col content-box-wrapper content-wrapper link-area-link-icon link-type-text icon-hover-animation-fade\" data-animationoffset=\"top-into-view\"><div class=\"heading heading-with-icon icon-left\"><a class=\"heading-link\" href=\"https:\/\/dongyduoc.com\/\" target=\"_blank\" rel=\"noopener noreferrer\"><div aria-hidden=\"true\" class=\"image\"><img decoding=\"async\" class=\"lazyload\" src=\"data:image\/svg+xml,%3Csvg%20xmlns%3D%27http%3A%2F%2Fwww.w3.org%2F2000%2Fsvg%27%20width%3D%27190%27%20height%3D%2751%27%20viewBox%3D%270%200%20190%2051%27%3E%3Crect%20width%3D%27190%27%20height%3D%2751%27%20fill-opacity%3D%220%22%2F%3E%3C%2Fsvg%3E\" data-orig-src=\"https:\/\/apixagroup.com\/wp-content\/uploads\/2022\/10\/logo-dongyduoc-1.png\" width=\"200\" height=\"53.68\" alt=\"\" \/><\/div><h2 class=\"content-box-heading fusion-responsive-typography-calculated\" style=\"--h2_typography-font-size:25px;--fontSize:25;line-height:var(--awb-typography1-line-height);\">Dongyduoc.com<\/h2><\/a><\/div><div class=\"fusion-clearfix\"><\/div><div class=\"content-container\">\n<p>Trung t\u00e2m S\u1ee9c kh\u1ecfe v\u00e0 Cu\u1ed9c s\u1ed1ng, L\u1eddi n\u00f3i t\u1eed t\u1ebf tuy ng\u1eafn g\u1ecdn, d\u1ec5 n\u00f3i, nh\u01b0ng \u00e2m vang th\u00ec v\u00f4 t\u1eadn. B\u1ec7nh vi\u1ec7n \u0110\u1ee9c D\u01b0\u01a1ng lu\u00f4n coi b\u1ea1n nh\u01b0 ng\u01b0\u1eddi th\u00e2n trong gia \u0111\u00ecnh.<\/p>\n<\/div><div class=\"fusion-clearfix\"><\/div><a class=\"fusion-read-more\" href=\"https:\/\/dongyduoc.com\/\" target=\"_blank\" rel=\"noopener noreferrer\">\u0110\u1ecdc th\u00eam<\/a><div class=\"fusion-clearfix\"><\/div><\/div><\/div><div class=\"fusion-clearfix\"><\/div><\/div><\/div><\/div><\/div><\/div><\/p>","protected":false},"excerpt":{"rendered":"","protected":false},"author":2,"featured_media":0,"parent":0,"menu_order":0,"comment_status":"closed","ping_status":"closed","template":"","meta":{"footnotes":""},"class_list":["post-5128","page","type-page","status-publish","hentry"],"yoast_head":"<!-- This site is optimized with the Yoast SEO plugin v27.2 - https:\/\/yoast.com\/product\/yoast-seo-wordpress\/ -->\n<title>Ecosystem | Apixa Group<\/title>\n<meta name=\"robots\" content=\"index, follow, max-snippet:-1, max-image-preview:large, max-video-preview:-1\" \/>\n<link rel=\"canonical\" href=\"https:\/\/apixagroup.com\/vi\/he-sinh-thai\/\" \/>\n<meta property=\"og:locale\" content=\"vi_VN\" \/>\n<meta property=\"og:type\" content=\"article\" \/>\n<meta property=\"og:title\" content=\"Ecosystem | Apixa Group\" \/>\n<meta property=\"og:url\" content=\"https:\/\/apixagroup.com\/vi\/he-sinh-thai\/\" \/>\n<meta property=\"og:site_name\" content=\"Apixa Group\" \/>\n<meta property=\"article:publisher\" content=\"https:\/\/www.facebook.com\/apixagroup.com\" \/>\n<meta property=\"article:modified_time\" content=\"2026-03-25T09:55:39+00:00\" \/>\n<meta property=\"og:image\" content=\"https:\/\/apixagroup.com\/wp-content\/uploads\/2025\/09\/apixa-group-building-1200x800-1.png\" \/>\n\t<meta property=\"og:image:width\" content=\"1200\" \/>\n\t<meta property=\"og:image:height\" content=\"800\" \/>\n\t<meta property=\"og:image:type\" content=\"image\/png\" \/>\n<meta name=\"twitter:card\" content=\"summary_large_image\" \/>\n<meta name=\"twitter:site\" content=\"@apixaglobal\" \/>\n<meta name=\"twitter:label1\" content=\"\u01af\u1edbc t\u00ednh th\u1eddi gian \u0111\u1ecdc\" \/>\n\t<meta name=\"twitter:data1\" content=\"3 ph\u00fat\" \/>\n<script type=\"application\/ld+json\" class=\"yoast-schema-graph\">{\"@context\":\"https:\/\/schema.org\",\"@graph\":[{\"@type\":\"WebPage\",\"@id\":\"https:\/\/apixagroup.com\/ecosystem\/\",\"url\":\"https:\/\/apixagroup.com\/ecosystem\/\",\"name\":\"Ecosystem | Apixa Group\",\"isPartOf\":{\"@id\":\"https:\/\/apixagroup.com\/#website\"},\"datePublished\":\"2022-10-05T09:23:04+00:00\",\"dateModified\":\"2026-03-25T09:55:39+00:00\",\"breadcrumb\":{\"@id\":\"https:\/\/apixagroup.com\/ecosystem\/#breadcrumb\"},\"inLanguage\":\"vi\",\"potentialAction\":[{\"@type\":\"ReadAction\",\"target\":[\"https:\/\/apixagroup.com\/ecosystem\/\"]}]},{\"@type\":\"BreadcrumbList\",\"@id\":\"https:\/\/apixagroup.com\/ecosystem\/#breadcrumb\",\"itemListElement\":[{\"@type\":\"ListItem\",\"position\":1,\"name\":\"Home\",\"item\":\"https:\/\/apixagroup.com\/\"},{\"@type\":\"ListItem\",\"position\":2,\"name\":\"Ecosystem\"}]},{\"@type\":\"WebSite\",\"@id\":\"https:\/\/apixagroup.com\/#website\",\"url\":\"https:\/\/apixagroup.com\/\",\"name\":\"Apixa Group\",\"description\":\"Apixa Investment and Development Group\",\"publisher\":{\"@id\":\"https:\/\/apixagroup.com\/#organization\"},\"alternateName\":\"Apixa Group\",\"potentialAction\":[{\"@type\":\"SearchAction\",\"target\":{\"@type\":\"EntryPoint\",\"urlTemplate\":\"https:\/\/apixagroup.com\/?s={search_term_string}\"},\"query-input\":{\"@type\":\"PropertyValueSpecification\",\"valueRequired\":true,\"valueName\":\"search_term_string\"}}],\"inLanguage\":\"vi\"},{\"@type\":\"Organization\",\"@id\":\"https:\/\/apixagroup.com\/#organization\",\"name\":\"Apixa Group\",\"alternateName\":\"Apixa Group\",\"url\":\"https:\/\/apixagroup.com\/\",\"logo\":{\"@type\":\"ImageObject\",\"inLanguage\":\"vi\",\"@id\":\"https:\/\/apixagroup.com\/#\/schema\/logo\/image\/\",\"url\":\"https:\/\/apixagroup.com\/wp-content\/uploads\/2024\/12\/cropped-Favicon-ApixaOne.png\",\"contentUrl\":\"https:\/\/apixagroup.com\/wp-content\/uploads\/2024\/12\/cropped-Favicon-ApixaOne.png\",\"width\":512,\"height\":512,\"caption\":\"Apixa Group\"},\"image\":{\"@id\":\"https:\/\/apixagroup.com\/#\/schema\/logo\/image\/\"},\"sameAs\":[\"https:\/\/www.facebook.com\/apixagroup.com\",\"https:\/\/x.com\/apixaglobal\"]}]}<\/script>\n<!-- \/ Yoast SEO plugin. -->","yoast_head_json":{"title":"H\u1ec7 sinh th\u00e1i | T\u1eadp \u0111o\u00e0n Apixa","robots":{"index":"index","follow":"follow","max-snippet":"max-snippet:-1","max-image-preview":"max-image-preview:large","max-video-preview":"max-video-preview:-1"},"canonical":"https:\/\/apixagroup.com\/vi\/he-sinh-thai\/","og_locale":"vi_VN","og_type":"article","og_title":"Ecosystem | Apixa Group","og_url":"https:\/\/apixagroup.com\/vi\/he-sinh-thai\/","og_site_name":"Apixa Group","article_publisher":"https:\/\/www.facebook.com\/apixagroup.com","article_modified_time":"2026-03-25T09:55:39+00:00","og_image":[{"width":1200,"height":800,"url":"https:\/\/apixagroup.com\/wp-content\/uploads\/2025\/09\/apixa-group-building-1200x800-1.png","type":"image\/png"}],"twitter_card":"summary_large_image","twitter_site":"@apixaglobal","twitter_misc":{"\u01af\u1edbc t\u00ednh th\u1eddi gian \u0111\u1ecdc":"3 ph\u00fat"},"schema":{"@context":"https:\/\/schema.org","@graph":[{"@type":"WebPage","@id":"https:\/\/apixagroup.com\/ecosystem\/","url":"https:\/\/apixagroup.com\/ecosystem\/","name":"H\u1ec7 sinh th\u00e1i | T\u1eadp \u0111o\u00e0n Apixa","isPartOf":{"@id":"https:\/\/apixagroup.com\/#website"},"datePublished":"2022-10-05T09:23:04+00:00","dateModified":"2026-03-25T09:55:39+00:00","breadcrumb":{"@id":"https:\/\/apixagroup.com\/ecosystem\/#breadcrumb"},"inLanguage":"vi","potentialAction":[{"@type":"ReadAction","target":["https:\/\/apixagroup.com\/ecosystem\/"]}]},{"@type":"BreadcrumbList","@id":"https:\/\/apixagroup.com\/ecosystem\/#breadcrumb","itemListElement":[{"@type":"ListItem","position":1,"name":"Home","item":"https:\/\/apixagroup.com\/"},{"@type":"ListItem","position":2,"name":"Ecosystem"}]},{"@type":"WebSite","@id":"https:\/\/apixagroup.com\/#website","url":"https:\/\/apixagroup.com\/","name":"T\u1eadp \u0111o\u00e0n Apixa","description":"T\u1eadp \u0111o\u00e0n \u0110\u1ea7u t\u01b0 v\u00e0 Ph\u00e1t tri\u1ec3n Apixa","publisher":{"@id":"https:\/\/apixagroup.com\/#organization"},"alternateName":"Apixa Group","potentialAction":[{"@type":"SearchAction","target":{"@type":"EntryPoint","urlTemplate":"https:\/\/apixagroup.com\/?s={search_term_string}"},"query-input":{"@type":"PropertyValueSpecification","valueRequired":true,"valueName":"search_term_string"}}],"inLanguage":"vi"},{"@type":"Organization","@id":"https:\/\/apixagroup.com\/#organization","name":"T\u1eadp \u0111o\u00e0n Apixa","alternateName":"Apixa Group","url":"https:\/\/apixagroup.com\/","logo":{"@type":"ImageObject","inLanguage":"vi","@id":"https:\/\/apixagroup.com\/#\/schema\/logo\/image\/","url":"https:\/\/apixagroup.com\/wp-content\/uploads\/2024\/12\/cropped-Favicon-ApixaOne.png","contentUrl":"https:\/\/apixagroup.com\/wp-content\/uploads\/2024\/12\/cropped-Favicon-ApixaOne.png","width":512,"height":512,"caption":"Apixa Group"},"image":{"@id":"https:\/\/apixagroup.com\/#\/schema\/logo\/image\/"},"sameAs":["https:\/\/www.facebook.com\/apixagroup.com","https:\/\/x.com\/apixaglobal"]}]}},"_links":{"self":[{"href":"https:\/\/apixagroup.com\/vi\/wp-json\/wp\/v2\/pages\/5128","targetHints":{"allow":["GET"]}}],"collection":[{"href":"https:\/\/apixagroup.com\/vi\/wp-json\/wp\/v2\/pages"}],"about":[{"href":"https:\/\/apixagroup.com\/vi\/wp-json\/wp\/v2\/types\/page"}],"author":[{"embeddable":true,"href":"https:\/\/apixagroup.com\/vi\/wp-json\/wp\/v2\/users\/2"}],"replies":[{"embeddable":true,"href":"https:\/\/apixagroup.com\/vi\/wp-json\/wp\/v2\/comments?post=5128"}],"version-history":[{"count":11,"href":"https:\/\/apixagroup.com\/vi\/wp-json\/wp\/v2\/pages\/5128\/revisions"}],"predecessor-version":[{"id":6609,"href":"https:\/\/apixagroup.com\/vi\/wp-json\/wp\/v2\/pages\/5128\/revisions\/6609"}],"wp:attachment":[{"href":"https:\/\/apixagroup.com\/vi\/wp-json\/wp\/v2\/media?parent=5128"}],"curies":[{"name":"trang web","href":"https:\/\/api.w.org\/{rel}","templated":true}]}}