{"id":6413,"date":"2025-04-06T01:10:19","date_gmt":"2025-04-05T18:10:19","guid":{"rendered":"https:\/\/apixagroup.com\/?page_id=6413"},"modified":"2026-03-25T16:56:05","modified_gmt":"2026-03-25T09:56:05","slug":"giao-duc","status":"publish","type":"page","link":"https:\/\/apixagroup.com\/vi\/giao-duc\/","title":{"rendered":"Gi\u00e1o d\u1ee5c"},"content":{"rendered":"<p><div class=\"fusion-fullwidth fullwidth-box fusion-builder-row-1 fusion-flex-container has-pattern-background has-mask-background nonhundred-percent-fullwidth non-hundred-percent-height-scrolling\" style=\"--awb-border-radius-top-left:0px;--awb-border-radius-top-right:0px;--awb-border-radius-bottom-right:0px;--awb-border-radius-bottom-left:0px;--awb-padding-bottom:0px;--awb-margin-bottom:0px;--awb-flex-wrap:wrap;\" ><div class=\"fusion-builder-row fusion-row fusion-flex-align-items-flex-start fusion-flex-content-wrap\" style=\"max-width:calc( 1170px + 2px );margin-left: calc(-2px \/ 2 );margin-right: calc(-2px \/ 2 );\"><div class=\"fusion-layout-column fusion_builder_column fusion-builder-column-0 fusion_builder_column_1_5 1_5 fusion-flex-column\" style=\"--awb-bg-size:cover;--awb-width-large:20%;--awb-margin-top-large:0px;--awb-spacing-right-large:1px;--awb-margin-bottom-large:20px;--awb-spacing-left-large:1px;--awb-width-medium:100%;--awb-order-medium:0;--awb-spacing-right-medium:1px;--awb-spacing-left-medium:1px;--awb-width-small:33.333333333333%;--awb-order-small:0;--awb-spacing-right-small:1px;--awb-spacing-left-small:1px;\"><div class=\"fusion-column-wrapper fusion-column-has-shadow fusion-flex-justify-content-flex-start fusion-content-layout-column\"><div style=\"text-align:center;\"><a class=\"fusion-button button-flat fusion-button-default-size button-custom fusion-button-default button-1 fusion-button-span-yes fusion-button-default-type\" style=\"--button_accent_color:#4c4c4c;--button_border_color:#4c4c4c;--button_accent_hover_color:var(--awb-color1);--button_border_hover_color:var(--awb-color1);--button_gradient_top_color:var(--awb-color3);--button_gradient_bottom_color:var(--awb-color3);--button_gradient_top_color_hover:var(--awb-color5);--button_gradient_bottom_color_hover:var(--awb-color5);\" target=\"_self\" href=\"https:\/\/apixagroup.com\/vi\/he-sinh-thai\/\"><span class=\"fusion-button-text awb-button__text awb-button__text--default\">Ph\u1ed5 bi\u1ebfn<\/span><\/a><\/div><\/div><\/div><div class=\"fusion-layout-column fusion_builder_column fusion-builder-column-1 fusion_builder_column_1_5 1_5 fusion-flex-column\" style=\"--awb-bg-size:cover;--awb-width-large:20%;--awb-margin-top-large:0px;--awb-spacing-right-large:1px;--awb-margin-bottom-large:20px;--awb-spacing-left-large:1px;--awb-width-medium:100%;--awb-order-medium:0;--awb-spacing-right-medium:1px;--awb-spacing-left-medium:1px;--awb-width-small:33.333333333333%;--awb-order-small:0;--awb-spacing-right-small:1px;--awb-spacing-left-small:1px;\"><div class=\"fusion-column-wrapper fusion-column-has-shadow fusion-flex-justify-content-flex-start fusion-content-layout-column\"><div style=\"text-align:center;\"><a class=\"fusion-button button-flat fusion-button-default-size button-custom fusion-button-default button-2 fusion-button-span-yes fusion-button-default-type\" style=\"--button_accent_color:#4c4c4c;--button_border_color:#4c4c4c;--button_accent_hover_color:var(--awb-color1);--button_border_hover_color:var(--awb-color1);--button_gradient_top_color:var(--awb-color3);--button_gradient_bottom_color:var(--awb-color3);--button_gradient_top_color_hover:var(--awb-color5);--button_gradient_bottom_color_hover:var(--awb-color5);\" target=\"_self\" href=\"https:\/\/apixagroup.com\/vi\/he-sinh-thai\/cong-nghe\/\"><span class=\"fusion-button-text awb-button__text awb-button__text--default\">C\u00f4ng ngh\u1ec7 <\/span><\/a><\/div><\/div><\/div><div class=\"fusion-layout-column fusion_builder_column fusion-builder-column-2 fusion_builder_column_1_5 1_5 fusion-flex-column\" style=\"--awb-bg-size:cover;--awb-width-large:20%;--awb-margin-top-large:0px;--awb-spacing-right-large:1px;--awb-margin-bottom-large:20px;--awb-spacing-left-large:1px;--awb-width-medium:100%;--awb-order-medium:0;--awb-spacing-right-medium:1px;--awb-spacing-left-medium:1px;--awb-width-small:33.333333333333%;--awb-order-small:0;--awb-spacing-right-small:1px;--awb-spacing-left-small:1px;\"><div class=\"fusion-column-wrapper fusion-column-has-shadow fusion-flex-justify-content-flex-start fusion-content-layout-column\"><div style=\"text-align:center;\"><a class=\"fusion-button button-flat fusion-button-default-size button-custom fusion-button-default button-3 fusion-button-span-yes fusion-button-default-type\" style=\"--button_accent_color:#4c4c4c;--button_border_color:#4c4c4c;--button_accent_hover_color:var(--awb-color1);--button_border_hover_color:var(--awb-color1);--button_gradient_top_color:var(--awb-color3);--button_gradient_bottom_color:var(--awb-color3);--button_gradient_top_color_hover:var(--awb-color5);--button_gradient_bottom_color_hover:var(--awb-color5);\" target=\"_self\" href=\"https:\/\/apixagroup.com\/vi\/he-sinh-thai\/tai-chinh\/\"><span class=\"fusion-button-text awb-button__text awb-button__text--default\">T\u00e0i ch\u00ednh<\/span><\/a><\/div><\/div><\/div><div class=\"fusion-layout-column fusion_builder_column fusion-builder-column-3 fusion_builder_column_1_5 1_5 fusion-flex-column\" style=\"--awb-bg-size:cover;--awb-width-large:20%;--awb-margin-top-large:0px;--awb-spacing-right-large:1px;--awb-margin-bottom-large:20px;--awb-spacing-left-large:1px;--awb-width-medium:100%;--awb-order-medium:0;--awb-spacing-right-medium:1px;--awb-spacing-left-medium:1px;--awb-width-small:33.333333333333%;--awb-order-small:0;--awb-spacing-right-small:1px;--awb-spacing-left-small:1px;\"><div class=\"fusion-column-wrapper fusion-column-has-shadow fusion-flex-justify-content-flex-start fusion-content-layout-column\"><div style=\"text-align:center;\"><a class=\"fusion-button button-3d fusion-button-default-size button-default fusion-button-default button-4 fusion-button-span-yes\" target=\"_self\" href=\"https:\/\/apixagroup.com\/vi\/he-sinh-thai\/giao-duc\/\"><span class=\"fusion-button-text awb-button__text awb-button__text--default\">Gi\u00e1o d\u1ee5c<\/span><\/a><\/div><\/div><\/div><div class=\"fusion-layout-column fusion_builder_column fusion-builder-column-4 fusion_builder_column_1_5 1_5 fusion-flex-column\" style=\"--awb-bg-size:cover;--awb-width-large:20%;--awb-margin-top-large:0px;--awb-spacing-right-large:1px;--awb-margin-bottom-large:20px;--awb-spacing-left-large:1px;--awb-width-medium:100%;--awb-order-medium:0;--awb-spacing-right-medium:1px;--awb-spacing-left-medium:1px;--awb-width-small:33.333333333333%;--awb-order-small:0;--awb-spacing-right-small:1px;--awb-spacing-left-small:1px;\"><div class=\"fusion-column-wrapper fusion-column-has-shadow fusion-flex-justify-content-flex-start fusion-content-layout-column\"><div style=\"text-align:center;\"><a class=\"fusion-button button-flat fusion-button-default-size button-custom fusion-button-default button-5 fusion-button-span-yes fusion-button-default-type\" style=\"--button_accent_color:#4c4c4c;--button_border_color:#4c4c4c;--button_accent_hover_color:var(--awb-color1);--button_border_hover_color:var(--awb-color1);--button_gradient_top_color:var(--awb-color3);--button_gradient_bottom_color:var(--awb-color3);--button_gradient_top_color_hover:var(--awb-color5);--button_gradient_bottom_color_hover:var(--awb-color5);\" target=\"_self\" href=\"https:\/\/apixagroup.com\/vi\/he-sinh-thai\/thuoc-ve-y-hoc\/\"><span class=\"fusion-button-text awb-button__text awb-button__text--default\">Y t\u1ebf<\/span><\/a><\/div><\/div><\/div><\/div><\/div><div class=\"fusion-fullwidth fullwidth-box fusion-builder-row-2 fusion-flex-container has-pattern-background has-mask-background nonhundred-percent-fullwidth non-hundred-percent-height-scrolling\" style=\"--awb-border-radius-top-left:0px;--awb-border-radius-top-right:0px;--awb-border-radius-bottom-right:0px;--awb-border-radius-bottom-left:0px;--awb-flex-wrap:wrap;\" ><div class=\"fusion-builder-row fusion-row fusion-flex-align-items-flex-start fusion-flex-content-wrap\" style=\"max-width:1216.8px;margin-left: calc(-4% \/ 2 );margin-right: calc(-4% \/ 2 );\"><div class=\"fusion-layout-column fusion_builder_column fusion-builder-column-5 fusion_builder_column_1_1 1_1 fusion-flex-column\" style=\"--awb-bg-size:cover;--awb-width-large:100%;--awb-margin-top-large:0px;--awb-spacing-right-large:1.92%;--awb-margin-bottom-large:20px;--awb-spacing-left-large:1.92%;--awb-width-medium:100%;--awb-order-medium:0;--awb-spacing-right-medium:1.92%;--awb-spacing-left-medium:1.92%;--awb-width-small:100%;--awb-order-small:0;--awb-spacing-right-small:1.92%;--awb-spacing-left-small:1.92%;\"><div class=\"fusion-column-wrapper fusion-column-has-shadow fusion-flex-justify-content-flex-start fusion-content-layout-column\"><div class=\"fusion-content-boxes content-boxes columns row fusion-columns-3 fusion-columns-total-1 fusion-content-boxes-1 content-boxes-clean-vertical content-left content-boxes-icon-on-top\" style=\"--awb-hover-accent-color:var(--awb-color4);--awb-circle-hover-accent-color:var(--awb-color4);\" data-animationoffset=\"top-into-view\"><div style=\"--awb-backgroundcolor:rgba(255,255,255,0);border-color:rgba(255,255,255,0);\" class=\"fusion-column content-box-column content-box-column content-box-column-1 col-lg-4 col-md-4 col-sm-4 fusion-content-box-hover content-box-column-first-in-row content-box-column-last\"><div class=\"col content-box-wrapper content-wrapper link-area-link-icon link-type-text icon-hover-animation-fade\" data-animationoffset=\"top-into-view\"><div class=\"heading heading-with-icon icon-left\"><a class=\"heading-link\" href=\"https:\/\/webdaotao.com\/\" target=\"_blank\" rel=\"noopener noreferrer\"><div aria-hidden=\"true\" class=\"image\"><img decoding=\"async\" class=\"lazyload\" src=\"data:image\/svg+xml,%3Csvg%20xmlns%3D%27http%3A%2F%2Fwww.w3.org%2F2000%2Fsvg%27%20width%3D%271190%27%20height%3D%27230%27%20viewBox%3D%270%200%201190%20230%27%3E%3Crect%20width%3D%271190%27%20height%3D%27230%27%20fill-opacity%3D%220%22%2F%3E%3C%2Fsvg%3E\" data-orig-src=\"https:\/\/apixagroup.com\/wp-content\/uploads\/2026\/03\/logo-webdaotao.png\" width=\"230\" height=\"44.45\" alt=\"\" \/><\/div><h2 class=\"content-box-heading fusion-responsive-typography-calculated\" style=\"--h2_typography-font-size:25px;--fontSize:25;line-height:var(--awb-typography1-line-height);\">Webdaotao.com<\/h2><\/a><\/div><div class=\"fusion-clearfix\"><\/div><div class=\"content-container\">\n<p>WebDaoTao cung c\u1ea5p gi\u1ea3i ph\u00e1p x\u00e2y d\u1ef1ng website e-Learning chuy\u00ean nghi\u1ec7p cho c\u00e1c chuy\u00ean gia, gi\u1ea3ng vi\u00ean, hu\u1ea5n luy\u1ec7n vi\u00ean, gi\u00e1o vi\u00ean v\u00e0 b\u1ea5t k\u1ef3 ai mu\u1ed1n kinh doanh b\u00e1n kh\u00f3a h\u1ecdc tr\u1ef1c tuy\u1ebfn.<\/p>\n<\/div><div class=\"fusion-clearfix\"><\/div><a class=\"fusion-read-more\" href=\"https:\/\/webdaotao.com\/\" target=\"_blank\" rel=\"noopener noreferrer\">\u0110\u1ecdc th\u00eam<\/a><div class=\"fusion-clearfix\"><\/div><\/div><\/div><div class=\"fusion-clearfix\"><\/div><\/div><\/div><\/div><\/div><\/div><\/p>","protected":false},"excerpt":{"rendered":"","protected":false},"author":2,"featured_media":0,"parent":0,"menu_order":0,"comment_status":"closed","ping_status":"closed","template":"","meta":{"footnotes":""},"class_list":["post-6413","page","type-page","status-publish","hentry"],"yoast_head":"<!-- This site is optimized with the Yoast SEO plugin v27.2 - https:\/\/yoast.com\/product\/yoast-seo-wordpress\/ -->\n<title>Education | Apixa Group<\/title>\n<meta name=\"robots\" content=\"index, follow, max-snippet:-1, max-image-preview:large, max-video-preview:-1\" \/>\n<link rel=\"canonical\" href=\"https:\/\/apixagroup.com\/vi\/giao-duc\/\" \/>\n<meta property=\"og:locale\" content=\"vi_VN\" \/>\n<meta property=\"og:type\" content=\"article\" \/>\n<meta property=\"og:title\" content=\"Education | Apixa Group\" \/>\n<meta property=\"og:url\" content=\"https:\/\/apixagroup.com\/vi\/giao-duc\/\" \/>\n<meta property=\"og:site_name\" content=\"Apixa Group\" \/>\n<meta property=\"article:publisher\" content=\"https:\/\/www.facebook.com\/apixagroup.com\" \/>\n<meta property=\"article:modified_time\" content=\"2026-03-25T09:56:05+00:00\" \/>\n<meta property=\"og:image\" content=\"https:\/\/apixagroup.com\/wp-content\/uploads\/2025\/09\/apixa-group-building-1200x800-1.png\" \/>\n\t<meta property=\"og:image:width\" content=\"1200\" \/>\n\t<meta property=\"og:image:height\" content=\"800\" \/>\n\t<meta property=\"og:image:type\" content=\"image\/png\" \/>\n<meta name=\"twitter:card\" content=\"summary_large_image\" \/>\n<meta name=\"twitter:site\" content=\"@apixaglobal\" \/>\n<meta name=\"twitter:label1\" content=\"\u01af\u1edbc t\u00ednh th\u1eddi gian \u0111\u1ecdc\" \/>\n\t<meta name=\"twitter:data1\" content=\"1 ph\u00fat\" \/>\n<script type=\"application\/ld+json\" class=\"yoast-schema-graph\">{\"@context\":\"https:\/\/schema.org\",\"@graph\":[{\"@type\":\"WebPage\",\"@id\":\"https:\/\/apixagroup.com\/education\/\",\"url\":\"https:\/\/apixagroup.com\/education\/\",\"name\":\"Education | Apixa Group\",\"isPartOf\":{\"@id\":\"https:\/\/apixagroup.com\/#website\"},\"datePublished\":\"2025-04-05T18:10:19+00:00\",\"dateModified\":\"2026-03-25T09:56:05+00:00\",\"breadcrumb\":{\"@id\":\"https:\/\/apixagroup.com\/education\/#breadcrumb\"},\"inLanguage\":\"vi\",\"potentialAction\":[{\"@type\":\"ReadAction\",\"target\":[\"https:\/\/apixagroup.com\/education\/\"]}]},{\"@type\":\"BreadcrumbList\",\"@id\":\"https:\/\/apixagroup.com\/education\/#breadcrumb\",\"itemListElement\":[{\"@type\":\"ListItem\",\"position\":1,\"name\":\"Home\",\"item\":\"https:\/\/apixagroup.com\/\"},{\"@type\":\"ListItem\",\"position\":2,\"name\":\"Education\"}]},{\"@type\":\"WebSite\",\"@id\":\"https:\/\/apixagroup.com\/#website\",\"url\":\"https:\/\/apixagroup.com\/\",\"name\":\"Apixa Group\",\"description\":\"Apixa Investment and Development Group\",\"publisher\":{\"@id\":\"https:\/\/apixagroup.com\/#organization\"},\"alternateName\":\"Apixa Group\",\"potentialAction\":[{\"@type\":\"SearchAction\",\"target\":{\"@type\":\"EntryPoint\",\"urlTemplate\":\"https:\/\/apixagroup.com\/?s={search_term_string}\"},\"query-input\":{\"@type\":\"PropertyValueSpecification\",\"valueRequired\":true,\"valueName\":\"search_term_string\"}}],\"inLanguage\":\"vi\"},{\"@type\":\"Organization\",\"@id\":\"https:\/\/apixagroup.com\/#organization\",\"name\":\"Apixa Group\",\"alternateName\":\"Apixa Group\",\"url\":\"https:\/\/apixagroup.com\/\",\"logo\":{\"@type\":\"ImageObject\",\"inLanguage\":\"vi\",\"@id\":\"https:\/\/apixagroup.com\/#\/schema\/logo\/image\/\",\"url\":\"https:\/\/apixagroup.com\/wp-content\/uploads\/2024\/12\/cropped-Favicon-ApixaOne.png\",\"contentUrl\":\"https:\/\/apixagroup.com\/wp-content\/uploads\/2024\/12\/cropped-Favicon-ApixaOne.png\",\"width\":512,\"height\":512,\"caption\":\"Apixa Group\"},\"image\":{\"@id\":\"https:\/\/apixagroup.com\/#\/schema\/logo\/image\/\"},\"sameAs\":[\"https:\/\/www.facebook.com\/apixagroup.com\",\"https:\/\/x.com\/apixaglobal\"]}]}<\/script>\n<!-- \/ Yoast SEO plugin. -->","yoast_head_json":{"title":"Gi\u00e1o d\u1ee5c | T\u1eadp \u0111o\u00e0n Apixa","robots":{"index":"index","follow":"follow","max-snippet":"max-snippet:-1","max-image-preview":"max-image-preview:large","max-video-preview":"max-video-preview:-1"},"canonical":"https:\/\/apixagroup.com\/vi\/giao-duc\/","og_locale":"vi_VN","og_type":"article","og_title":"Education | Apixa Group","og_url":"https:\/\/apixagroup.com\/vi\/giao-duc\/","og_site_name":"Apixa Group","article_publisher":"https:\/\/www.facebook.com\/apixagroup.com","article_modified_time":"2026-03-25T09:56:05+00:00","og_image":[{"width":1200,"height":800,"url":"https:\/\/apixagroup.com\/wp-content\/uploads\/2025\/09\/apixa-group-building-1200x800-1.png","type":"image\/png"}],"twitter_card":"summary_large_image","twitter_site":"@apixaglobal","twitter_misc":{"\u01af\u1edbc t\u00ednh th\u1eddi gian \u0111\u1ecdc":"1 ph\u00fat"},"schema":{"@context":"https:\/\/schema.org","@graph":[{"@type":"WebPage","@id":"https:\/\/apixagroup.com\/education\/","url":"https:\/\/apixagroup.com\/education\/","name":"Gi\u00e1o d\u1ee5c | T\u1eadp \u0111o\u00e0n Apixa","isPartOf":{"@id":"https:\/\/apixagroup.com\/#website"},"datePublished":"2025-04-05T18:10:19+00:00","dateModified":"2026-03-25T09:56:05+00:00","breadcrumb":{"@id":"https:\/\/apixagroup.com\/education\/#breadcrumb"},"inLanguage":"vi","potentialAction":[{"@type":"ReadAction","target":["https:\/\/apixagroup.com\/education\/"]}]},{"@type":"BreadcrumbList","@id":"https:\/\/apixagroup.com\/education\/#breadcrumb","itemListElement":[{"@type":"ListItem","position":1,"name":"Home","item":"https:\/\/apixagroup.com\/"},{"@type":"ListItem","position":2,"name":"Education"}]},{"@type":"WebSite","@id":"https:\/\/apixagroup.com\/#website","url":"https:\/\/apixagroup.com\/","name":"T\u1eadp \u0111o\u00e0n Apixa","description":"T\u1eadp \u0111o\u00e0n \u0110\u1ea7u t\u01b0 v\u00e0 Ph\u00e1t tri\u1ec3n Apixa","publisher":{"@id":"https:\/\/apixagroup.com\/#organization"},"alternateName":"Apixa Group","potentialAction":[{"@type":"SearchAction","target":{"@type":"EntryPoint","urlTemplate":"https:\/\/apixagroup.com\/?s={search_term_string}"},"query-input":{"@type":"PropertyValueSpecification","valueRequired":true,"valueName":"search_term_string"}}],"inLanguage":"vi"},{"@type":"Organization","@id":"https:\/\/apixagroup.com\/#organization","name":"T\u1eadp \u0111o\u00e0n Apixa","alternateName":"Apixa Group","url":"https:\/\/apixagroup.com\/","logo":{"@type":"ImageObject","inLanguage":"vi","@id":"https:\/\/apixagroup.com\/#\/schema\/logo\/image\/","url":"https:\/\/apixagroup.com\/wp-content\/uploads\/2024\/12\/cropped-Favicon-ApixaOne.png","contentUrl":"https:\/\/apixagroup.com\/wp-content\/uploads\/2024\/12\/cropped-Favicon-ApixaOne.png","width":512,"height":512,"caption":"Apixa Group"},"image":{"@id":"https:\/\/apixagroup.com\/#\/schema\/logo\/image\/"},"sameAs":["https:\/\/www.facebook.com\/apixagroup.com","https:\/\/x.com\/apixaglobal"]}]}},"_links":{"self":[{"href":"https:\/\/apixagroup.com\/vi\/wp-json\/wp\/v2\/pages\/6413","targetHints":{"allow":["GET"]}}],"collection":[{"href":"https:\/\/apixagroup.com\/vi\/wp-json\/wp\/v2\/pages"}],"about":[{"href":"https:\/\/apixagroup.com\/vi\/wp-json\/wp\/v2\/types\/page"}],"author":[{"embeddable":true,"href":"https:\/\/apixagroup.com\/vi\/wp-json\/wp\/v2\/users\/2"}],"replies":[{"embeddable":true,"href":"https:\/\/apixagroup.com\/vi\/wp-json\/wp\/v2\/comments?post=6413"}],"version-history":[{"count":2,"href":"https:\/\/apixagroup.com\/vi\/wp-json\/wp\/v2\/pages\/6413\/revisions"}],"predecessor-version":[{"id":6610,"href":"https:\/\/apixagroup.com\/vi\/wp-json\/wp\/v2\/pages\/6413\/revisions\/6610"}],"wp:attachment":[{"href":"https:\/\/apixagroup.com\/vi\/wp-json\/wp\/v2\/media?parent=6413"}],"curies":[{"name":"trang web","href":"https:\/\/api.w.org\/{rel}","templated":true}]}}